{"id":10,"date":"2026-04-17T22:45:16","date_gmt":"2026-04-17T22:45:16","guid":{"rendered":"https:\/\/drednilsonlastrucci.com\/novo\/?page_id=10"},"modified":"2026-04-26T05:46:56","modified_gmt":"2026-04-26T05:46:56","slug":"emagrecimento-com-abordagem-metabolica","status":"publish","type":"page","link":"https:\/\/drednilsonlastrucci.com\/novo\/","title":{"rendered":"Emagrecimento com abordagem metab\u00f3lica"},"content":{"rendered":"\t\t<div data-elementor-type=\"wp-page\" data-elementor-id=\"10\" class=\"elementor elementor-10\">\n\t\t\t\t<div class=\"elementor-element elementor-element-f814740 e-flex e-con-boxed e-con e-parent\" data-id=\"f814740\" data-element_type=\"container\" data-e-type=\"container\">\n\t\t\t\t\t<div class=\"e-con-inner\">\n\t\t\t\t<div class=\"elementor-element elementor-element-dc6d072 elementor-widget elementor-widget-heading\" data-id=\"dc6d072\" data-element_type=\"widget\" data-e-type=\"widget\" data-widget_type=\"heading.default\">\n\t\t\t\t\t<h2 class=\"elementor-heading-title elementor-size-default\">Dr Ednilson Lastrucci<\/h2>\t\t\t\t<\/div>\n\t\t\t\t<div class=\"elementor-element elementor-element-d2b1469 elementor-view-default elementor-widget elementor-widget-icon\" data-id=\"d2b1469\" data-element_type=\"widget\" data-e-type=\"widget\" data-widget_type=\"icon.default\">\n\t\t\t\t\t\t\t<div class=\"elementor-icon-wrapper\">\n\t\t\t<div class=\"elementor-icon\">\n\t\t\t<svg aria-hidden=\"true\" class=\"e-font-icon-svg e-fas-heartbeat\" viewBox=\"0 0 512 512\" xmlns=\"http:\/\/www.w3.org\/2000\/svg\"><path d=\"M320.2 243.8l-49.7 99.4c-6 12.1-23.4 11.7-28.9-.6l-56.9-126.3-30 71.7H60.6l182.5 186.5c7.1 7.3 18.6 7.3 25.7 0L451.4 288H342.3l-22.1-44.2zM473.7 73.9l-2.4-2.5c-51.5-52.6-135.8-52.6-187.4 0L256 100l-27.9-28.5c-51.5-52.7-135.9-52.7-187.4 0l-2.4 2.4C-10.4 123.7-12.5 203 31 256h102.4l35.9-86.2c5.4-12.9 23.6-13.2 29.4-.4l58.2 129.3 49-97.9c5.9-11.8 22.7-11.8 28.6 0l27.6 55.2H481c43.5-53 41.4-132.3-7.3-182.1z\"><\/path><\/svg>\t\t\t<\/div>\n\t\t<\/div>\n\t\t\t\t\t\t<\/div>\n\t\t\t\t\t<\/div>\n\t\t\t\t<\/div>\n\t\t<div class=\"elementor-element elementor-element-ed194ae e-flex e-con-boxed e-con e-parent\" data-id=\"ed194ae\" data-element_type=\"container\" data-e-type=\"container\">\n\t\t\t\t\t<div class=\"e-con-inner\">\n\t\t\t\t<div class=\"elementor-element elementor-element-8c2a91c elementor-widget elementor-widget-heading\" data-id=\"8c2a91c\" data-element_type=\"widget\" data-e-type=\"widget\" data-widget_type=\"heading.default\">\n\t\t\t\t\t<h2 class=\"elementor-heading-title elementor-size-default\">Cardiologista<\/h2>\t\t\t\t<\/div>\n\t\t\t\t\t<\/div>\n\t\t\t\t<\/div>\n\t\t<div class=\"elementor-element elementor-element-552b964 e-flex e-con-boxed e-con e-parent\" data-id=\"552b964\" data-element_type=\"container\" data-e-type=\"container\">\n\t\t\t\t\t<div class=\"e-con-inner\">\n\t\t\t\t<div class=\"elementor-element elementor-element-0273884 elementor-widget elementor-widget-heading\" data-id=\"0273884\" data-element_type=\"widget\" data-e-type=\"widget\" data-widget_type=\"heading.default\">\n\t\t\t\t\t<h2 class=\"elementor-heading-title elementor-size-default\">CRM - SP: 38446 - RQE: 104369<\/h2>\t\t\t\t<\/div>\n\t\t\t\t\t<\/div>\n\t\t\t\t<\/div>\n\t\t<div class=\"elementor-element elementor-element-ed90643 e-flex e-con-boxed e-con e-parent\" data-id=\"ed90643\" data-element_type=\"container\" data-e-type=\"container\">\n\t\t\t\t\t<div class=\"e-con-inner\">\n\t\t\t\t<div class=\"elementor-element elementor-element-1ce48bd elementor-widget elementor-widget-heading\" data-id=\"1ce48bd\" data-element_type=\"widget\" data-e-type=\"widget\" data-widget_type=\"heading.default\">\n\t\t\t\t\t<h2 class=\"elementor-heading-title elementor-size-default\">Medicina Integrativa - Metabolismo - Emagrecimento<\/h2>\t\t\t\t<\/div>\n\t\t\t\t\t<\/div>\n\t\t\t\t<\/div>\n\t\t<div class=\"elementor-element elementor-element-ede053f e-flex e-con-boxed e-con e-parent\" data-id=\"ede053f\" data-element_type=\"container\" data-e-type=\"container\">\n\t\t\t\t\t<div class=\"e-con-inner\">\n\t\t\t\t\t    \t            <a\n            href=\"https:\/\/wa.me\/5511983000900?text=Ol\u00e1%2C%20Dr.%20Ednilson%2C%20vim%20pelo%20site%20e%20quero%20fazer%20minha%20pr\u00e9-avalia\u00e7\u00e3o.\" target=\"_blank\"\n            class=\"e-5e80b7d-754121c e-button-base\"\n            data-interaction-id=\"5e80b7d\"\n             \n        >\n            <strong id=\"e-mof13m55-0rhugci\">Falar com o m\u00e9dico agora<\/strong>\n        <\/a>\n    \t\t\t\t\t    \t            <a\n            href=\"https:\/\/wa.me\/5511983000900?text=Ol\u00e1%2C%20Dr.%20Ednilson%2C%20vim%20pelo%20site%20e%20quero%20fazer%20minha%20pr\u00e9-avalia\u00e7\u00e3o.\" target=\"_blank\"\n            class=\"e-481bb77-26234fd e-button-base\"\n            data-interaction-id=\"481bb77\"\n             \n        >\n            Avalia\u00e7\u00e3o r\u00e1pida do seu caso (2 min)\n        <\/a>\n    \t\t\t\t\t<\/div>\n\t\t\t\t<\/div>\n\t\t<div class=\"elementor-element elementor-element-42c6456 e-flex e-con-boxed e-con e-parent\" data-id=\"42c6456\" data-element_type=\"container\" data-e-type=\"container\">\n\t\t\t\t\t<div class=\"e-con-inner\">\n\t\t\t\t<div class=\"elementor-element elementor-element-42e5b50 elementor-widget elementor-widget-text-editor\" data-id=\"42e5b50\" data-element_type=\"widget\" data-e-type=\"widget\" data-widget_type=\"text-editor.default\">\n\t\t\t\t\t\t\t\t\t<p><img decoding=\"async\" class=\"emoji\" role=\"img\" draggable=\"false\" src=\"https:\/\/s.w.org\/images\/core\/emoji\/17.0.2\/svg\/2714.svg\" alt=\"\u2714\" \/> Sem dieta restritiva\u00a0\u00a0<\/p><p><img decoding=\"async\" class=\"emoji\" role=\"img\" draggable=\"false\" src=\"https:\/\/s.w.org\/images\/core\/emoji\/17.0.2\/svg\/2714.svg\" alt=\"\u2714\" \/> Sem efeito sanfona\u00a0\u00a0<\/p><p><img decoding=\"async\" class=\"emoji\" role=\"img\" draggable=\"false\" src=\"https:\/\/s.w.org\/images\/core\/emoji\/17.0.2\/svg\/2714.svg\" alt=\"\u2714\" \/> Plano m\u00e9dico personalizado<\/p>\t\t\t\t\t\t\t\t<\/div>\n\t\t\t\t\t<\/div>\n\t\t\t\t<\/div>\n\t\t<div class=\"elementor-element elementor-element-2c67408 e-flex e-con-boxed e-con e-parent\" data-id=\"2c67408\" data-element_type=\"container\" data-e-type=\"container\">\n\t\t\t\t\t<div class=\"e-con-inner\">\n\t\t<div class=\"elementor-element elementor-element-fcf63a3 e-con-full e-flex e-con e-child\" data-id=\"fcf63a3\" data-element_type=\"container\" data-e-type=\"container\">\n\t\t\t\t<div class=\"elementor-element elementor-element-c1bf67c elementor-widget elementor-widget-text-editor\" data-id=\"c1bf67c\" data-element_type=\"widget\" data-e-type=\"widget\" data-widget_type=\"text-editor.default\">\n\t\t\t\t\t\t\t\t\t<div><h2>Voc\u00ea j\u00e1 tentou emagrecer v\u00e1rias vezes\u2026 e o peso sempre volta?<\/h2><\/div><p data-start=\"768\" data-end=\"819\"><strong data-start=\"771\" data-end=\"819\">\u00a0<\/strong><\/p><p data-start=\"768\" data-end=\"819\"><strong data-start=\"771\" data-end=\"819\">O problema n\u00e3o \u00e9 voc\u00ea \u2014 \u00e9 o seu metabolismo.<\/strong><\/p><div><p data-start=\"685\" data-end=\"742\"><strong data-start=\"685\" data-end=\"742\">Na maioria dos casos, o organismo est\u00e1 desregulado&#8230;<\/strong><\/p><p data-start=\"744\" data-end=\"796\"><strong data-start=\"744\" data-end=\"796\">Por isso, insistir em dietas comuns n\u00e3o resolve.<\/strong><\/p><p><img decoding=\"async\" class=\"emoji\" role=\"img\" draggable=\"false\" src=\"https:\/\/s.w.org\/images\/core\/emoji\/17.0.2\/svg\/2714.svg\" alt=\"\u2714\" \/> Avalia\u00e7\u00e3o completa do metabolismo<br \/><img decoding=\"async\" class=\"emoji\" role=\"img\" draggable=\"false\" src=\"https:\/\/s.w.org\/images\/core\/emoji\/17.0.2\/svg\/2714.svg\" alt=\"\u2714\" \/> Estrat\u00e9gia personalizada para o seu caso<br \/><img decoding=\"async\" class=\"emoji\" role=\"img\" draggable=\"false\" src=\"https:\/\/s.w.org\/images\/core\/emoji\/17.0.2\/svg\/2714.svg\" alt=\"\u2714\" \/> Acompanhamento cont\u00ednuo para resultados consistentes<\/p><p>\u00a0<\/p><p>Aqui, o tratamento \u00e9 m\u00e9dico, individualizado e focado na causa do problema.<\/p><blockquote data-start=\"590\" data-end=\"671\"><p data-start=\"592\" data-end=\"671\"><strong data-start=\"592\" data-end=\"615\">O foco n\u00e3o \u00e9 dieta.<\/strong><br data-start=\"615\" data-end=\"618\" \/><strong data-start=\"620\" data-end=\"671\">\u00c9 a causa da obesidade que precisa ser tratada.<\/strong><\/p><\/blockquote><\/div><div><h3>\u00a0<\/h3><\/div>\t\t\t\t\t\t\t\t<\/div>\n\t\t\t\t<\/div>\n\t\t<div class=\"elementor-element elementor-element-ae233e4 e-con-full e-flex e-con e-child\" data-id=\"ae233e4\" data-element_type=\"container\" data-e-type=\"container\">\n\t\t\t\t<div class=\"elementor-element elementor-element-dbb8df3 elementor-widget__width-initial elementor-widget elementor-widget-image\" data-id=\"dbb8df3\" data-element_type=\"widget\" data-e-type=\"widget\" data-widget_type=\"image.default\">\n\t\t\t\t\t\t\t\t\t\t\t\t\t\t\t<img decoding=\"async\" src=\"https:\/\/drednilsonlastrucci.com\/novo\/wp-content\/uploads\/elementor\/thumbs\/WhatsApp-Image-2026-04-18-at-01.52.56-rm69egdp05w0wv653prm2vr3qj92pc768ln68a78v4.jpeg\" title=\"WhatsApp-Image-2026-04-18-at-01.52.56\" alt=\"WhatsApp-Image-2026-04-18-at-01.52.56\" loading=\"lazy\" \/>\t\t\t\t\t\t\t\t\t\t\t\t\t\t\t<\/div>\n\t\t\t\t<\/div>\n\t\t\t\t\t<\/div>\n\t\t\t\t<\/div>\n\t\t<div class=\"elementor-element elementor-element-5867efd e-flex e-con-boxed e-con e-parent\" data-id=\"5867efd\" data-element_type=\"container\" data-e-type=\"container\">\n\t\t\t\t\t<div class=\"e-con-inner\">\n\t\t\t\t<div class=\"elementor-element elementor-element-a1fb6a4 elementor-widget elementor-widget-text-editor\" data-id=\"a1fb6a4\" data-element_type=\"widget\" data-e-type=\"widget\" data-widget_type=\"text-editor.default\">\n\t\t\t\t\t\t\t\t\t<h3>Pr\u00e9-avalia\u00e7\u00e3o r\u00e1pida pelo WhatsApp<br \/>Leva menos de 2 minutos e j\u00e1 permite entender seu caso.<\/h3>\t\t\t\t\t\t\t\t<\/div>\n\t\t\t\t\t<\/div>\n\t\t\t\t<\/div>\n\t\t<div class=\"elementor-element elementor-element-2141769 e-flex e-con-boxed e-con e-parent\" data-id=\"2141769\" data-element_type=\"container\" data-e-type=\"container\">\n\t\t\t\t\t<div class=\"e-con-inner\">\n\t\t\t\t\t    \t            <a\n            href=\"https:\/\/wa.me\/5511983000900?text=Ol\u00e1%2C%20Dr.%20Ednilson%2C%20vim%20pelo%20site%20e%20quero%20fazer%20minha%20pr\u00e9-avalia\u00e7\u00e3o.\" target=\"_blank\"\n            class=\"e-2fb8964-b44ee29 e-button-base\"\n            data-interaction-id=\"2fb8964\"\n             \n        >\n            <strong id=\"e-mofbc0us-3msvqsu\">Pr\u00e9-avalia\u00e7\u00e3o pelo WhatsApp (2 min)<\/strong>\n        <\/a>\n    \t\t\t\t\t<\/div>\n\t\t\t\t<\/div>\n\t\t<div class=\"elementor-element elementor-element-81f7a0e e-flex e-con-boxed e-con e-parent\" data-id=\"81f7a0e\" data-element_type=\"container\" data-e-type=\"container\">\n\t\t\t\t\t<div class=\"e-con-inner\">\n\t\t\t\t<div class=\"elementor-element elementor-element-643dfdb elementor-widget elementor-widget-heading\" data-id=\"643dfdb\" data-element_type=\"widget\" data-e-type=\"widget\" data-widget_type=\"heading.default\">\n\t\t\t\t\t<h2 class=\"elementor-heading-title elementor-size-default\">Atendimento por telemedicina<\/h2>\t\t\t\t<\/div>\n\t\t\t\t\t<\/div>\n\t\t\t\t<\/div>\n\t\t<div class=\"elementor-element elementor-element-f3ffcfd e-flex e-con-boxed e-con e-parent\" data-id=\"f3ffcfd\" data-element_type=\"container\" data-e-type=\"container\">\n\t\t\t\t\t<div class=\"e-con-inner\">\n\t\t\t\t<div class=\"elementor-element elementor-element-ba9259e elementor-widget elementor-widget-text-editor\" data-id=\"ba9259e\" data-element_type=\"widget\" data-e-type=\"widget\" data-widget_type=\"text-editor.default\">\n\t\t\t\t\t\t\t\t\t<p data-start=\"709\" data-end=\"801\">Voc\u00ea pode realizar sua consulta de forma online, com conforto e seguran\u00e7a, sem sair de casa.<\/p><p data-start=\"803\" data-end=\"960\"><img decoding=\"async\" class=\"emoji\" role=\"img\" draggable=\"false\" src=\"https:\/\/s.w.org\/images\/core\/emoji\/17.0.2\/svg\/2714.svg\" alt=\"\u2714\" \/> Atendimento individualizado por v\u00eddeo<br data-start=\"842\" data-end=\"845\" \/><img decoding=\"async\" class=\"emoji\" role=\"img\" draggable=\"false\" src=\"https:\/\/s.w.org\/images\/core\/emoji\/17.0.2\/svg\/2714.svg\" alt=\"\u2714\" \/> Avalia\u00e7\u00e3o completa do seu metabolismo<br data-start=\"884\" data-end=\"887\" \/><img decoding=\"async\" class=\"emoji\" role=\"img\" draggable=\"false\" src=\"https:\/\/s.w.org\/images\/core\/emoji\/17.0.2\/svg\/2714.svg\" alt=\"\u2714\" \/> Prescri\u00e7\u00e3o m\u00e9dica e solicita\u00e7\u00e3o de exames<br data-start=\"930\" data-end=\"933\" \/><img decoding=\"async\" class=\"emoji\" role=\"img\" draggable=\"false\" src=\"https:\/\/s.w.org\/images\/core\/emoji\/17.0.2\/svg\/2714.svg\" alt=\"\u2714\" \/> Acompanhamento cont\u00ednuo<\/p><p data-start=\"803\" data-end=\"960\"><span style=\"font-style: inherit; font-weight: inherit;\">Ideal para quem busca praticidade e um tratamento m\u00e9dico estruturado, mesmo com rotina corrida.<\/span><\/p>\t\t\t\t\t\t\t\t<\/div>\n\t\t\t\t\t<\/div>\n\t\t\t\t<\/div>\n\t\t<div class=\"elementor-element elementor-element-79e1f43 e-flex e-con-boxed e-con e-parent\" data-id=\"79e1f43\" data-element_type=\"container\" data-e-type=\"container\">\n\t\t\t\t\t<div class=\"e-con-inner\">\n\t\t\t\t<div class=\"elementor-element elementor-element-7250edd elementor-widget elementor-widget-heading\" data-id=\"7250edd\" data-element_type=\"widget\" data-e-type=\"widget\" data-widget_type=\"heading.default\">\n\t\t\t\t\t<h2 class=\"elementor-heading-title elementor-size-default\">Este tratamento \u00e9 indicado para pessoas que:<\/h2>\t\t\t\t<\/div>\n\t\t\t\t\t<\/div>\n\t\t\t\t<\/div>\n\t\t<div class=\"elementor-element elementor-element-8cb4a3b e-flex e-con-boxed e-con e-parent\" data-id=\"8cb4a3b\" data-element_type=\"container\" data-e-type=\"container\">\n\t\t\t\t\t<div class=\"e-con-inner\">\n\t\t\t\t<div class=\"elementor-element elementor-element-faa9f80 elementor-widget__width-initial elementor-widget elementor-widget-text-editor\" data-id=\"faa9f80\" data-element_type=\"widget\" data-e-type=\"widget\" data-widget_type=\"text-editor.default\">\n\t\t\t\t\t\t\t\t\t<p><img decoding=\"async\" class=\"emoji\" role=\"img\" draggable=\"false\" src=\"https:\/\/s.w.org\/images\/core\/emoji\/17.0.2\/svg\/2714.svg\" alt=\"\u2714\" \/> J\u00e1 tentaram emagrecer v\u00e1rias vezes e n\u00e3o conseguiram manter o resultado<br \/><img decoding=\"async\" class=\"emoji\" role=\"img\" draggable=\"false\" src=\"https:\/\/s.w.org\/images\/core\/emoji\/17.0.2\/svg\/2714.svg\" alt=\"\u2714\" \/> Sentem dificuldade para perder peso mesmo fazendo dieta<br \/><img decoding=\"async\" class=\"emoji\" role=\"img\" draggable=\"false\" src=\"https:\/\/s.w.org\/images\/core\/emoji\/17.0.2\/svg\/2714.svg\" alt=\"\u2714\" \/> Sofrem com compuls\u00e3o alimentar ou fome constante<br \/><img decoding=\"async\" class=\"emoji\" role=\"img\" draggable=\"false\" src=\"https:\/\/s.w.org\/images\/core\/emoji\/17.0.2\/svg\/2714.svg\" alt=\"\u2714\" \/> T\u00eam resist\u00eancia \u00e0 insulina, pr\u00e9-diabetes ou diabetes<br \/><img decoding=\"async\" class=\"emoji\" role=\"img\" draggable=\"false\" src=\"https:\/\/s.w.org\/images\/core\/emoji\/17.0.2\/svg\/2714.svg\" alt=\"\u2714\" \/> Est\u00e3o acima do peso e querem um acompanhamento m\u00e9dico estruturado<br \/><img decoding=\"async\" class=\"emoji\" role=\"img\" draggable=\"false\" src=\"https:\/\/s.w.org\/images\/core\/emoji\/17.0.2\/svg\/2714.svg\" alt=\"\u2714\" \/> Buscam tratar a causa do problema \u2014 e n\u00e3o apenas o sintoma<\/p>\t\t\t\t\t\t\t\t<\/div>\n\t\t\t\t\t<\/div>\n\t\t\t\t<\/div>\n\t\t<div class=\"elementor-element elementor-element-8153996 e-flex e-con-boxed e-con e-parent\" data-id=\"8153996\" data-element_type=\"container\" data-e-type=\"container\">\n\t\t\t\t\t<div class=\"e-con-inner\">\n\t\t\t\t<div class=\"elementor-element elementor-element-900ec81 elementor-widget elementor-widget-heading\" data-id=\"900ec81\" data-element_type=\"widget\" data-e-type=\"widget\" data-widget_type=\"heading.default\">\n\t\t\t\t\t<h2 class=\"elementor-heading-title elementor-size-default\">Como funciona o tratamento<\/h2>\t\t\t\t<\/div>\n\t\t\t\t\t<\/div>\n\t\t\t\t<\/div>\n\t\t<div class=\"elementor-element elementor-element-cbf5250 e-flex e-con-boxed e-con e-parent\" data-id=\"cbf5250\" data-element_type=\"container\" data-e-type=\"container\">\n\t\t\t\t\t<div class=\"e-con-inner\">\n\t\t\t\t<div class=\"elementor-element elementor-element-d0f8712 elementor-widget elementor-widget-heading\" data-id=\"d0f8712\" data-element_type=\"widget\" data-e-type=\"widget\" data-widget_type=\"heading.default\">\n\t\t\t\t\t<h2 class=\"elementor-heading-title elementor-size-default\">O tratamento segue uma abordagem m\u00e9dica estruturada dividida em etapas<\/h2>\t\t\t\t<\/div>\n\t\t\t\t\t<\/div>\n\t\t\t\t<\/div>\n\t\t<div class=\"elementor-element elementor-element-4d50769 e-flex e-con-boxed e-con e-parent\" data-id=\"4d50769\" data-element_type=\"container\" data-e-type=\"container\">\n\t\t\t\t\t<div class=\"e-con-inner\">\n\t\t\t\t<div class=\"elementor-element elementor-element-97c8bbe elementor-widget__width-initial elementor-widget elementor-widget-text-editor\" data-id=\"97c8bbe\" data-element_type=\"widget\" data-e-type=\"widget\" data-widget_type=\"text-editor.default\">\n\t\t\t\t\t\t\t\t\t<p>ETAPAS DO TRATAMENTO:<\/p><p><span style=\"font-style: inherit; font-weight: inherit;\">1.\u00a0<\/span>1. Pr\u00e9-avalia\u00e7\u00e3o inicial \u2013 Voc\u00ea responde algumas perguntas r\u00e1pidas para entendermos seu caso.<\/p><p><span style=\"font-style: inherit; font-weight: inherit;\">2. Consulta m\u00e9dica (presencial ou online)\u00a0\u00a0<\/span><\/p><p>Avalia\u00e7\u00e3o completa do metabolismo, hist\u00f3rico e objetivos.<\/p><p>3. Solicita\u00e7\u00e3o de exames\u00a0\u00a0<\/p><p>Exames direcionados para identificar a causa do problema.<\/p><p>4. Plano de tratamento individualizado\u00a0\u00a0<\/p><p>Estrat\u00e9gia personalizada para seu metabolismo.<\/p><p>5. Acompanhamento cont\u00ednuo\u00a0\u00a0<\/p><p>Ajustes e suporte para garantir resultados consistentes.<\/p>\t\t\t\t\t\t\t\t<\/div>\n\t\t\t\t\t<\/div>\n\t\t\t\t<\/div>\n\t\t<div class=\"elementor-element elementor-element-bb82394 e-flex e-con-boxed e-con e-parent\" data-id=\"bb82394\" data-element_type=\"container\" data-e-type=\"container\">\n\t\t\t\t\t<div class=\"e-con-inner\">\n\t\t\t\t<div class=\"elementor-element elementor-element-66e30ea elementor-widget elementor-widget-text-editor\" data-id=\"66e30ea\" data-element_type=\"widget\" data-e-type=\"widget\" data-widget_type=\"text-editor.default\">\n\t\t\t\t\t\t\t\t\t<p>Voc\u00ea n\u00e3o recebe apenas uma orienta\u00e7\u00e3o \u2014 recebe um plano m\u00e9dico estruturado para mudar seu metabolismo.<\/p>\t\t\t\t\t\t\t\t<\/div>\n\t\t\t\t\t<\/div>\n\t\t\t\t<\/div>\n\t\t\t\t<\/div>\n\t\t","protected":false},"excerpt":{"rendered":"<p>Dr Ednilson Lastrucci Cardiologista CRM &#8211; SP: 38446 &#8211; RQE: 104369 Medicina Integrativa &#8211; Metabolismo &#8211; Emagrecimento Falar com o [&hellip;]<\/p>\n","protected":false},"author":1,"featured_media":0,"parent":0,"menu_order":0,"comment_status":"closed","ping_status":"closed","template":"elementor_header_footer","meta":{"site-sidebar-layout":"no-sidebar","site-content-layout":"","ast-site-content-layout":"full-width-container","site-content-style":"default","site-sidebar-style":"default","ast-global-header-display":"","ast-banner-title-visibility":"","ast-main-header-display":"","ast-hfb-above-header-display":"","ast-hfb-below-header-display":"","ast-hfb-mobile-header-display":"","site-post-title":"disabled","ast-breadcrumbs-content":"","ast-featured-img":"disabled","footer-sml-layout":"","ast-disable-related-posts":"","theme-transparent-header-meta":"","adv-header-id-meta":"","stick-header-meta":"","header-above-stick-meta":"","header-main-stick-meta":"","header-below-stick-meta":"","astra-migrate-meta-layouts":"default","ast-page-background-enabled":"default","ast-page-background-meta":{"desktop":{"background-color":"var(--ast-global-color-5)","background-image":"","background-repeat":"repeat","background-position":"center center","background-size":"auto","background-attachment":"scroll","background-type":"","background-media":"","overlay-type":"","overlay-color":"","overlay-opacity":"","overlay-gradient":""},"tablet":{"background-color":"","background-image":"","background-repeat":"repeat","background-position":"center center","background-size":"auto","background-attachment":"scroll","background-type":"","background-media":"","overlay-type":"","overlay-color":"","overlay-opacity":"","overlay-gradient":""},"mobile":{"background-color":"","background-image":"","background-repeat":"repeat","background-position":"center center","background-size":"auto","background-attachment":"scroll","background-type":"","background-media":"","overlay-type":"","overlay-color":"","overlay-opacity":"","overlay-gradient":""}},"ast-content-background-meta":{"desktop":{"background-color":"var(--ast-global-color-4)","background-image":"","background-repeat":"repeat","background-position":"center center","background-size":"auto","background-attachment":"scroll","background-type":"","background-media":"","overlay-type":"","overlay-color":"","overlay-opacity":"","overlay-gradient":""},"tablet":{"background-color":"var(--ast-global-color-4)","background-image":"","background-repeat":"repeat","background-position":"center center","background-size":"auto","background-attachment":"scroll","background-type":"","background-media":"","overlay-type":"","overlay-color":"","overlay-opacity":"","overlay-gradient":""},"mobile":{"background-color":"var(--ast-global-color-4)","background-image":"","background-repeat":"repeat","background-position":"center center","background-size":"auto","background-attachment":"scroll","background-type":"","background-media":"","overlay-type":"","overlay-color":"","overlay-opacity":"","overlay-gradient":""}},"footnotes":""},"class_list":["post-10","page","type-page","status-publish","hentry"],"_links":{"self":[{"href":"https:\/\/drednilsonlastrucci.com\/novo\/wp-json\/wp\/v2\/pages\/10","targetHints":{"allow":["GET"]}}],"collection":[{"href":"https:\/\/drednilsonlastrucci.com\/novo\/wp-json\/wp\/v2\/pages"}],"about":[{"href":"https:\/\/drednilsonlastrucci.com\/novo\/wp-json\/wp\/v2\/types\/page"}],"author":[{"embeddable":true,"href":"https:\/\/drednilsonlastrucci.com\/novo\/wp-json\/wp\/v2\/users\/1"}],"replies":[{"embeddable":true,"href":"https:\/\/drednilsonlastrucci.com\/novo\/wp-json\/wp\/v2\/comments?post=10"}],"version-history":[{"count":83,"href":"https:\/\/drednilsonlastrucci.com\/novo\/wp-json\/wp\/v2\/pages\/10\/revisions"}],"predecessor-version":[{"id":116,"href":"https:\/\/drednilsonlastrucci.com\/novo\/wp-json\/wp\/v2\/pages\/10\/revisions\/116"}],"wp:attachment":[{"href":"https:\/\/drednilsonlastrucci.com\/novo\/wp-json\/wp\/v2\/media?parent=10"}],"curies":[{"name":"wp","href":"https:\/\/api.w.org\/{rel}","templated":true}]}}